

{"id":6678,"date":"2025-03-07T08:40:17","date_gmt":"2025-03-07T08:40:17","guid":{"rendered":"https:\/\/creanet.sk\/blog\/"},"modified":"2025-06-11T14:21:44","modified_gmt":"2025-06-11T14:21:44","slug":"blog","status":"publish","type":"page","link":"https:\/\/creanet.sk\/en\/blog\/","title":{"rendered":"Blog"},"content":{"rendered":"<div class=\"wpb-content-wrapper\"><p>[vc_section full_width=&#8221;stretch_row&#8221; css=&#8221;.vc_custom_1749651702289{padding-top: 40px !important;padding-bottom: 120px !important;background-color: #edeff7 !important;}&#8221;][vc_row css=&#8221;.vc_custom_1741341411785{padding-top: 0px !important;padding-bottom: 30px !important;}&#8221;][vc_column][vc_row_inner css=&#8221;.vc_custom_1741341456254{padding-bottom: 40px !important;}&#8221;][vc_column_inner]<div class=\"edgtf-section-title-holder  edgtf-st-standard edgtf-st-title-left edgtf-st-normal-space \" >\n\t<div class=\"edgtf-st-inner\">\n\t\t\t\t\t<h1 class=\"edgtf-st-title\" >\n\t\t\t\tBlog\t\t\t<\/h1>\n\t\t\t\t\t<\/div>\n<\/div>[\/vc_column_inner][\/vc_row_inner][vc_column_text]    <style>\n        .blog-filter {\n            display: flex;\n\t\t\tgap: 12px;\n\t\t\tmargin: 20px 0px;\n\t\t\toverflow-x: auto;\n    \t\twhite-space: nowrap;\n        }\n        .blog-filter label {\n            cursor: pointer;\n            font-family: 'Open Sans';\n            font-size: 16px;\n            font-weight: 600;\n            color: #191E42;\n            padding: 8px 16px;\n            border: 1px solid #CACEE8;\n           \n            transition: all 0.3s ease-in-out;\n        }\n        .blog-filter label.active, .blog-filter label:hover {\n            background-color: #191E42;\n\t\t\tborder: 1px solid #CACEE8;\n            color: #FFFFFF;\n        }\n        .blog-filter input {\n            display: none;\n        }\n    <\/style>\n    \n    <div class=\"blog-filter\">\n        <label class=\"active\"><input type=\"radio\" name=\"blog-filter\" class=\"blog-filter-checkbox-input\" data-filter=\"*\" checked> All<\/label>\n        <label><input type=\"radio\" name=\"blog-filter\" class=\"blog-filter-checkbox-input\" data-filter=\"artificial-intelligence\"> Artificial Intelligence<\/label> <label><input type=\"radio\" name=\"blog-filter\" class=\"blog-filter-checkbox-input\" data-filter=\"design\"> Design<\/label> <label><input type=\"radio\" name=\"blog-filter\" class=\"blog-filter-checkbox-input\" data-filter=\"news\"> News<\/label> <label><input type=\"radio\" name=\"blog-filter\" class=\"blog-filter-checkbox-input\" data-filter=\"references\"> References<\/label> <label><input type=\"radio\" name=\"blog-filter\" class=\"blog-filter-checkbox-input\" data-filter=\"technology\"> Technology<\/label>     <\/div>\n    \n    <script>\n       jQuery(document).ready(function($) {\n    $('.blog-filter-checkbox-input').on('change', function() {\n        $('.blog-filter label').removeClass('active');\n        $(this).parent().addClass('active');\n        \n        var selectedFilter = $(this).data('filter');\n        \n        if (selectedFilter === '*') {\n            $('.gallery-item').show();\n        } else {\n            $('.gallery-item').hide();\n            $('.gallery-item.' + selectedFilter).show();\n        }\n\n        \/\/ Resetuj tla\u010didlo \"Na\u010d\u00edta\u0165 viac\" pri zmene filtra\n        document.getElementById(\"blog-gallery\").setAttribute(\"data-page\", 2);\n        $('#load-more-posts').style.display = \"block\"; \/\/ Zobraz tla\u010didlo\n\n        \/\/ Skontroluj vidite\u013en\u00e9 polo\u017eky a stav tla\u010didla \"Na\u010d\u00edta\u0165 viac\"\n        let visibleItems = $('.gallery-item:visible').length;\n        let totalItems = $('.gallery-item').length;\n        let currentPage = parseInt($('#blog-gallery').attr('data-page'));\n        let maxPages = parseInt($('#blog-gallery').attr('data-max-pages'));\n\n        \/\/ Zobraz tla\u010didlo iba ak s\u00fa dostupn\u00e9 \u010fal\u0161ie str\u00e1nky a vidite\u013en\u00e9 polo\u017eky s\u00fa menej ako celkov\u00fd po\u010det\n        if (visibleItems < totalItems && currentPage < maxPages) {\n            $('#load-more-posts').show(); \/\/ Zobraz tla\u010didlo\n        } else {\n            $('#load-more-posts').hide(); \/\/ Skry tla\u010didlo\n        }\n    });\n});\n\n\n    <\/script>\n    [\/vc_column_text][vc_column_text]    <div class=\"gallery\" id=\"blog-gallery\" data-page=\"2\">\n        <a href=\"https:\/\/creanet.sk\/en\/what-is-a-wireframe-and-why-it-matters-before-design\/\" class=\"gallery-item fade-in design\">\n                <img decoding=\"async\" src=\"https:\/\/creanet.sk\/wp-content\/uploads\/2026\/04\/wireframe-cover-1024x682.png\" alt=\"What is a wireframe and why it matters before design\">\n                <div class=\"info\" style=\"min-height: 44px;\">\n\t\t\t\t\t<div style=\"display:flex; justify-content:space-between; align-items: center;\">\n\t\t\t\t\t\t<h3>What is a wireframe and why it matters before design<\/h3>\n\t\t\t\t\t\t<div style=\"width:24px;\">\n\t\t\t\t\t\t<svg xmlns=\"https:\/\/www.w3.org\/2000\/svg\" width=\"24\" height=\"24\" viewBox=\"0 0 24 24\" fill=\"none\">\n\t\t\t\t\t\t\t<g clip-path=\"url(#clip0_1414_1965)\">\n\t\t\t\t\t\t\t\t<path d=\"M5 12H19\" stroke=\"#191E42\" stroke-width=\"2\" stroke-linecap=\"round\" stroke-linejoin=\"round\"\/>\n\t\t\t\t\t\t\t\t<path d=\"M13 18L19 12\" stroke=\"#191E42\" stroke-width=\"2\" stroke-linecap=\"round\" stroke-linejoin=\"round\"\/>\n\t\t\t\t\t\t\t\t<path d=\"M13 6L19 12\" stroke=\"#191E42\" stroke-width=\"2\" stroke-linecap=\"round\" stroke-linejoin=\"round\"\/>\n\t\t\t\t\t\t\t<\/g>\n\t\t\t\t\t\t\t<defs>\n\t\t\t\t\t\t\t\t<clipPath id=\"clip0_1414_1965\">\n\t\t\t\t\t\t\t\t\t<rect width=\"24\" height=\"24\" fill=\"white\"\/>\n\t\t\t\t\t\t\t\t<\/clipPath>\n\t\t\t\t\t\t\t<\/defs>\n\t\t\t\t\t\t<\/svg>\n\t\t\t\t\t\t<\/div>\n\t\t\t\t\t<\/div>\n\t\t\t\t<\/div>\n            <\/a><a href=\"https:\/\/creanet.sk\/en\/15-years-of-digital-collaboration-with-slovanet-innovation-growth-and-technological-excellence\/\" class=\"gallery-item fade-in references\">\n                <img decoding=\"async\" src=\"https:\/\/creanet.sk\/wp-content\/uploads\/2025\/04\/slovanet-blog-1024x682.jpg\" alt=\"15 Years of Digital Collaboration with Slovanet: Innovation, Growth, and Technological Excellence\">\n                <div class=\"info\" style=\"min-height: 44px;\">\n\t\t\t\t\t<div style=\"display:flex; justify-content:space-between; align-items: center;\">\n\t\t\t\t\t\t<h3>15 Years of Digital Collaboration with Slovanet: Innovation, Growth, and Technological Excellence<\/h3>\n\t\t\t\t\t\t<div style=\"width:24px;\">\n\t\t\t\t\t\t<svg xmlns=\"https:\/\/www.w3.org\/2000\/svg\" width=\"24\" height=\"24\" viewBox=\"0 0 24 24\" fill=\"none\">\n\t\t\t\t\t\t\t<g clip-path=\"url(#clip0_1414_1965)\">\n\t\t\t\t\t\t\t\t<path d=\"M5 12H19\" stroke=\"#191E42\" stroke-width=\"2\" stroke-linecap=\"round\" stroke-linejoin=\"round\"\/>\n\t\t\t\t\t\t\t\t<path d=\"M13 18L19 12\" stroke=\"#191E42\" stroke-width=\"2\" stroke-linecap=\"round\" stroke-linejoin=\"round\"\/>\n\t\t\t\t\t\t\t\t<path d=\"M13 6L19 12\" stroke=\"#191E42\" stroke-width=\"2\" stroke-linecap=\"round\" stroke-linejoin=\"round\"\/>\n\t\t\t\t\t\t\t<\/g>\n\t\t\t\t\t\t\t<defs>\n\t\t\t\t\t\t\t\t<clipPath id=\"clip0_1414_1965\">\n\t\t\t\t\t\t\t\t\t<rect width=\"24\" height=\"24\" fill=\"white\"\/>\n\t\t\t\t\t\t\t\t<\/clipPath>\n\t\t\t\t\t\t\t<\/defs>\n\t\t\t\t\t\t<\/svg>\n\t\t\t\t\t\t<\/div>\n\t\t\t\t\t<\/div>\n\t\t\t\t<\/div>\n            <\/a><a href=\"https:\/\/creanet.sk\/en\/spolupraca-s-aquacity-10-rokov-technologickeho-partnerstva\/\" class=\"gallery-item fade-in references\">\n                <img decoding=\"async\" src=\"https:\/\/creanet.sk\/wp-content\/uploads\/2025\/04\/aquacity-blog-1024x682.jpg\" alt=\"Collaboration with Aquacity: 10 Years of Technological Partnership\">\n                <div class=\"info\" style=\"min-height: 44px;\">\n\t\t\t\t\t<div style=\"display:flex; justify-content:space-between; align-items: center;\">\n\t\t\t\t\t\t<h3>Collaboration with Aquacity: 10 Years of Technological Partnership<\/h3>\n\t\t\t\t\t\t<div style=\"width:24px;\">\n\t\t\t\t\t\t<svg xmlns=\"https:\/\/www.w3.org\/2000\/svg\" width=\"24\" height=\"24\" viewBox=\"0 0 24 24\" fill=\"none\">\n\t\t\t\t\t\t\t<g clip-path=\"url(#clip0_1414_1965)\">\n\t\t\t\t\t\t\t\t<path d=\"M5 12H19\" stroke=\"#191E42\" stroke-width=\"2\" stroke-linecap=\"round\" stroke-linejoin=\"round\"\/>\n\t\t\t\t\t\t\t\t<path d=\"M13 18L19 12\" stroke=\"#191E42\" stroke-width=\"2\" stroke-linecap=\"round\" stroke-linejoin=\"round\"\/>\n\t\t\t\t\t\t\t\t<path d=\"M13 6L19 12\" stroke=\"#191E42\" stroke-width=\"2\" stroke-linecap=\"round\" stroke-linejoin=\"round\"\/>\n\t\t\t\t\t\t\t<\/g>\n\t\t\t\t\t\t\t<defs>\n\t\t\t\t\t\t\t\t<clipPath id=\"clip0_1414_1965\">\n\t\t\t\t\t\t\t\t\t<rect width=\"24\" height=\"24\" fill=\"white\"\/>\n\t\t\t\t\t\t\t\t<\/clipPath>\n\t\t\t\t\t\t\t<\/defs>\n\t\t\t\t\t\t<\/svg>\n\t\t\t\t\t\t<\/div>\n\t\t\t\t\t<\/div>\n\t\t\t\t<\/div>\n            <\/a><a href=\"https:\/\/creanet.sk\/en\/nasa-spolupraca-s-stvr-oslavila-uz-10-rokov\/\" class=\"gallery-item fade-in references\">\n                <img decoding=\"async\" src=\"https:\/\/creanet.sk\/wp-content\/uploads\/2025\/04\/stvr-blog-1024x682.jpg\" alt=\"Our collaboration with STVR has already celebrated its 10th anniversary\">\n                <div class=\"info\" style=\"min-height: 44px;\">\n\t\t\t\t\t<div style=\"display:flex; justify-content:space-between; align-items: center;\">\n\t\t\t\t\t\t<h3>Our collaboration with STVR has already celebrated its 10th anniversary<\/h3>\n\t\t\t\t\t\t<div style=\"width:24px;\">\n\t\t\t\t\t\t<svg xmlns=\"https:\/\/www.w3.org\/2000\/svg\" width=\"24\" height=\"24\" viewBox=\"0 0 24 24\" fill=\"none\">\n\t\t\t\t\t\t\t<g clip-path=\"url(#clip0_1414_1965)\">\n\t\t\t\t\t\t\t\t<path d=\"M5 12H19\" stroke=\"#191E42\" stroke-width=\"2\" stroke-linecap=\"round\" stroke-linejoin=\"round\"\/>\n\t\t\t\t\t\t\t\t<path d=\"M13 18L19 12\" stroke=\"#191E42\" stroke-width=\"2\" stroke-linecap=\"round\" stroke-linejoin=\"round\"\/>\n\t\t\t\t\t\t\t\t<path d=\"M13 6L19 12\" stroke=\"#191E42\" stroke-width=\"2\" stroke-linecap=\"round\" stroke-linejoin=\"round\"\/>\n\t\t\t\t\t\t\t<\/g>\n\t\t\t\t\t\t\t<defs>\n\t\t\t\t\t\t\t\t<clipPath id=\"clip0_1414_1965\">\n\t\t\t\t\t\t\t\t\t<rect width=\"24\" height=\"24\" fill=\"white\"\/>\n\t\t\t\t\t\t\t\t<\/clipPath>\n\t\t\t\t\t\t\t<\/defs>\n\t\t\t\t\t\t<\/svg>\n\t\t\t\t\t\t<\/div>\n\t\t\t\t\t<\/div>\n\t\t\t\t<\/div>\n            <\/a><a href=\"https:\/\/creanet.sk\/en\/vedeli-ste-ze-chaoticke-rozhranie-stoji-viac-nez-novy-zamestnanec\/\" class=\"gallery-item fade-in news novinka\">\n                <img decoding=\"async\" src=\"https:\/\/creanet.sk\/wp-content\/uploads\/2025\/08\/UI--1024x682.jpg\" alt=\"Did you know that a chaotic interface can cost more than a new employee?\">\n                <div class=\"info\" style=\"min-height: 44px;\">\n\t\t\t\t\t<div style=\"display:flex; justify-content:space-between; align-items: center;\">\n\t\t\t\t\t\t<h3>Did you know that a chaotic interface can cost more than a new employee?<\/h3>\n\t\t\t\t\t\t<div style=\"width:24px;\">\n\t\t\t\t\t\t<svg xmlns=\"https:\/\/www.w3.org\/2000\/svg\" width=\"24\" height=\"24\" viewBox=\"0 0 24 24\" fill=\"none\">\n\t\t\t\t\t\t\t<g clip-path=\"url(#clip0_1414_1965)\">\n\t\t\t\t\t\t\t\t<path d=\"M5 12H19\" stroke=\"#191E42\" stroke-width=\"2\" stroke-linecap=\"round\" stroke-linejoin=\"round\"\/>\n\t\t\t\t\t\t\t\t<path d=\"M13 18L19 12\" stroke=\"#191E42\" stroke-width=\"2\" stroke-linecap=\"round\" stroke-linejoin=\"round\"\/>\n\t\t\t\t\t\t\t\t<path d=\"M13 6L19 12\" stroke=\"#191E42\" stroke-width=\"2\" stroke-linecap=\"round\" stroke-linejoin=\"round\"\/>\n\t\t\t\t\t\t\t<\/g>\n\t\t\t\t\t\t\t<defs>\n\t\t\t\t\t\t\t\t<clipPath id=\"clip0_1414_1965\">\n\t\t\t\t\t\t\t\t\t<rect width=\"24\" height=\"24\" fill=\"white\"\/>\n\t\t\t\t\t\t\t\t<\/clipPath>\n\t\t\t\t\t\t\t<\/defs>\n\t\t\t\t\t\t<\/svg>\n\t\t\t\t\t\t<\/div>\n\t\t\t\t\t<\/div>\n\t\t\t\t<\/div>\n            <\/a><a href=\"https:\/\/creanet.sk\/en\/ake-budu-najpopularnejsie-ai-nastroje-v-roku-2025-11\/\" class=\"gallery-item fade-in artificial-intelligence news technology\">\n                <img decoding=\"async\" src=\"https:\/\/creanet.sk\/wp-content\/uploads\/2025\/03\/a61e6e9dd96ce3db755a558b3bdefc19-1024x683.png\" alt=\"What will be the most popular AI tools in 2025?\">\n                <div class=\"info\" style=\"min-height: 44px;\">\n\t\t\t\t\t<div style=\"display:flex; justify-content:space-between; align-items: center;\">\n\t\t\t\t\t\t<h3>What will be the most popular AI tools in 2025?<\/h3>\n\t\t\t\t\t\t<div style=\"width:24px;\">\n\t\t\t\t\t\t<svg xmlns=\"https:\/\/www.w3.org\/2000\/svg\" width=\"24\" height=\"24\" viewBox=\"0 0 24 24\" fill=\"none\">\n\t\t\t\t\t\t\t<g clip-path=\"url(#clip0_1414_1965)\">\n\t\t\t\t\t\t\t\t<path d=\"M5 12H19\" stroke=\"#191E42\" stroke-width=\"2\" stroke-linecap=\"round\" stroke-linejoin=\"round\"\/>\n\t\t\t\t\t\t\t\t<path d=\"M13 18L19 12\" stroke=\"#191E42\" stroke-width=\"2\" stroke-linecap=\"round\" stroke-linejoin=\"round\"\/>\n\t\t\t\t\t\t\t\t<path d=\"M13 6L19 12\" stroke=\"#191E42\" stroke-width=\"2\" stroke-linecap=\"round\" stroke-linejoin=\"round\"\/>\n\t\t\t\t\t\t\t<\/g>\n\t\t\t\t\t\t\t<defs>\n\t\t\t\t\t\t\t\t<clipPath id=\"clip0_1414_1965\">\n\t\t\t\t\t\t\t\t\t<rect width=\"24\" height=\"24\" fill=\"white\"\/>\n\t\t\t\t\t\t\t\t<\/clipPath>\n\t\t\t\t\t\t\t<\/defs>\n\t\t\t\t\t\t<\/svg>\n\t\t\t\t\t\t<\/div>\n\t\t\t\t\t<\/div>\n\t\t\t\t<\/div>\n            <\/a><script>document.getElementById(\"blog-gallery\").setAttribute(\"data-max-pages\", \"2\");<\/script>    <\/div>\n    <button id=\"load-more-posts\" style=\"\n        display: block;\n        margin: 20px auto;\n        border: none;\n        color: #191E42;\n        font-family: Oswald;\n        font-size: 15px;\n        font-weight: 700;\n        line-height: 20px;\n        text-transform: uppercase;\n        background: transparent;\n    \">Na\u010d\u00edta\u0165 viac<\/button>\n\n    <script>\n        document.addEventListener(\"DOMContentLoaded\", function() {\n    let loadMoreBtn = document.getElementById(\"load-more-posts\");\n    let blogGallery = document.getElementById(\"blog-gallery\");\n\n    if (loadMoreBtn) {\n        loadMoreBtn.addEventListener(\"click\", function() {\n            let page = parseInt(blogGallery.getAttribute(\"data-page\"));\n            \n            fetch(\"https:\/\/creanet.sk\/wp-admin\/admin-ajax.php?action=load_more_posts&page=\" + page)\n                .then(response => response.text())\n                .then(data => {\n                    if (data.trim() === \"\") {\n                        loadMoreBtn.style.display = \"none\"; \/\/ Skry tla\u010didlo, ak nie s\u00fa \u010fal\u0161ie \u010dl\u00e1nky\n                    } else {\n                        blogGallery.insertAdjacentHTML(\"beforeend\", data);\n                        blogGallery.setAttribute(\"data-page\", page + 1);\n\n                        \/\/ Znovu inicializuj filter pre nov\u00e9 prvky\n                        jQuery('.blog-filter-checkbox-input').trigger('change');\n\n                        \/\/ Skontroluj stav tla\u010didla po na\u010d\u00edtan\u00ed nov\u00fdch \u010dl\u00e1nkov\n                        let visibleItems = document.querySelectorAll('.gallery-item:visible').length;\n                        let totalItems = document.querySelectorAll('.gallery-item').length;\n                        let maxPages = parseInt(blogGallery.getAttribute(\"data-max-pages\"));\n\n                        if (visibleItems >= totalItems || page + 1 >= maxPages) {\n                            loadMoreBtn.style.display = \"none\"; \/\/ Skry tla\u010didlo\n                        } else {\n                            loadMoreBtn.style.display = \"block\"; \/\/ Zobraz tla\u010didlo\n                        }\n                    }\n                })\n                .catch(() => loadMoreBtn.style.display = \"none\");\n        });\n    }\n});\n\n\n    <\/script>\n\n    <style>\n        .fade-in {\n            opacity: 0;\n            transform: translateY(20px);\n            animation: fadeInAnimation 0.5s ease-in-out forwards;\n        }\n\n        @keyframes fadeInAnimation {\n            from {\n                opacity: 0;\n                transform: translateY(20px);\n            }\n            to {\n                opacity: 1;\n                transform: translateY(0);\n            }\n        }\n    <\/style>\n    [\/vc_column_text][\/vc_column][\/vc_row][\/vc_section]<\/p>\n<\/div>","protected":false},"excerpt":{"rendered":"<p>[vc_section full_width=&#8221;stretch_row&#8221; css=&#8221;.vc_custom_1749651702289{padding-top: 40px !important;padding-bottom: 120px !important;background-color: #edeff7 !important;}&#8221;][vc_row css=&#8221;.vc_custom_1741341411785{padding-top: 0px !important;padding-bottom: 30px !important;}&#8221;][vc_column][vc_row_inner css=&#8221;.vc_custom_1741341456254{padding-bottom: 40px !important;}&#8221;][vc_column_inner][\/vc_column_inner][\/vc_row_inner][vc_column_text][\/vc_column_text][vc_column_text][\/vc_column_text][\/vc_column][\/vc_row][\/vc_section]<\/p>\n","protected":false},"author":9,"featured_media":0,"parent":0,"menu_order":0,"comment_status":"closed","ping_status":"closed","template":"","meta":{"inline_featured_image":false,"footnotes":""},"class_list":["post-6678","page","type-page","status-publish","hentry"],"acf":[],"yoast_head":"<!-- This site is optimized with the Yoast SEO plugin v26.4 - https:\/\/yoast.com\/wordpress\/plugins\/seo\/ -->\n<title>Blog | CREANET<\/title>\n<meta name=\"robots\" content=\"index, follow, max-snippet:-1, max-image-preview:large, max-video-preview:-1\" \/>\n<link rel=\"canonical\" href=\"https:\/\/creanet.sk\/en\/blog\/\" \/>\n<meta property=\"og:locale\" content=\"en_US\" \/>\n<meta property=\"og:type\" content=\"article\" \/>\n<meta property=\"og:title\" content=\"Blog | CREANET\" \/>\n<meta property=\"og:description\" content=\"[vc_section full_width=&#8221;stretch_row&#8221; css=&#8221;.vc_custom_1749651702289{padding-top: 40px !important;padding-bottom: 120px !important;background-color: #edeff7 !important;}&#8221;][vc_row css=&#8221;.vc_custom_1741341411785{padding-top: 0px !important;padding-bottom: 30px !important;}&#8221;][vc_column][vc_row_inner css=&#8221;.vc_custom_1741341456254{padding-bottom: 40px !important;}&#8221;][vc_column_inner][\/vc_column_inner][\/vc_row_inner][vc_column_text][\/vc_column_text][vc_column_text][\/vc_column_text][\/vc_column][\/vc_row][\/vc_section]\" \/>\n<meta property=\"og:url\" content=\"https:\/\/creanet.sk\/en\/blog\/\" \/>\n<meta property=\"og:site_name\" content=\"CREANET\" \/>\n<meta property=\"article:publisher\" content=\"https:\/\/www.facebook.com\/creanetsk\/\" \/>\n<meta property=\"article:modified_time\" content=\"2025-06-11T14:21:44+00:00\" \/>\n<meta property=\"og:image\" content=\"https:\/\/creanet.sk\/wp-content\/uploads\/2020\/01\/creanet-internet-applications-online-campaigns-mobile-applications.png\" \/>\n\t<meta property=\"og:image:width\" content=\"1200\" \/>\n\t<meta property=\"og:image:height\" content=\"630\" \/>\n\t<meta property=\"og:image:type\" content=\"image\/png\" \/>\n<meta name=\"twitter:card\" content=\"summary_large_image\" \/>\n<meta name=\"twitter:site\" content=\"@creanetsk\" \/>\n<meta name=\"twitter:label1\" content=\"Est. reading time\" \/>\n\t<meta name=\"twitter:data1\" content=\"1 minute\" \/>\n<script type=\"application\/ld+json\" class=\"yoast-schema-graph\">{\"@context\":\"https:\/\/schema.org\",\"@graph\":[{\"@type\":\"WebPage\",\"@id\":\"https:\/\/creanet.sk\/en\/blog\/\",\"url\":\"https:\/\/creanet.sk\/en\/blog\/\",\"name\":\"Blog | CREANET\",\"isPartOf\":{\"@id\":\"https:\/\/creanet.sk\/en\/#website\"},\"datePublished\":\"2025-03-07T08:40:17+00:00\",\"dateModified\":\"2025-06-11T14:21:44+00:00\",\"breadcrumb\":{\"@id\":\"https:\/\/creanet.sk\/en\/blog\/#breadcrumb\"},\"inLanguage\":\"en-US\",\"potentialAction\":[{\"@type\":\"ReadAction\",\"target\":[\"https:\/\/creanet.sk\/en\/blog\/\"]}]},{\"@type\":\"BreadcrumbList\",\"@id\":\"https:\/\/creanet.sk\/en\/blog\/#breadcrumb\",\"itemListElement\":[{\"@type\":\"ListItem\",\"position\":1,\"name\":\"Home\",\"item\":\"https:\/\/creanet.sk\/en\/\"},{\"@type\":\"ListItem\",\"position\":2,\"name\":\"Blog\"}]},{\"@type\":\"WebSite\",\"@id\":\"https:\/\/creanet.sk\/en\/#website\",\"url\":\"https:\/\/creanet.sk\/en\/\",\"name\":\"CREANET\",\"description\":\"Creative digital agency Poprad\",\"publisher\":{\"@id\":\"https:\/\/creanet.sk\/en\/#organization\"},\"potentialAction\":[{\"@type\":\"SearchAction\",\"target\":{\"@type\":\"EntryPoint\",\"urlTemplate\":\"https:\/\/creanet.sk\/en\/?s={search_term_string}\"},\"query-input\":{\"@type\":\"PropertyValueSpecification\",\"valueRequired\":true,\"valueName\":\"search_term_string\"}}],\"inLanguage\":\"en-US\"},{\"@type\":\"Organization\",\"@id\":\"https:\/\/creanet.sk\/en\/#organization\",\"name\":\"CREANET, a. s.\",\"url\":\"https:\/\/creanet.sk\/en\/\",\"logo\":{\"@type\":\"ImageObject\",\"inLanguage\":\"en-US\",\"@id\":\"https:\/\/creanet.sk\/en\/#\/schema\/logo\/image\/\",\"url\":\"https:\/\/creanet.creanet.sk\/wp-content\/uploads\/2019\/11\/creanet-color-dark.png\",\"contentUrl\":\"https:\/\/creanet.creanet.sk\/wp-content\/uploads\/2019\/11\/creanet-color-dark.png\",\"width\":487,\"height\":95,\"caption\":\"CREANET, a. s.\"},\"image\":{\"@id\":\"https:\/\/creanet.sk\/en\/#\/schema\/logo\/image\/\"},\"sameAs\":[\"https:\/\/www.facebook.com\/creanetsk\/\",\"https:\/\/x.com\/creanetsk\"]}]}<\/script>\n<!-- \/ Yoast SEO plugin. -->","yoast_head_json":{"title":"Blog | CREANET","robots":{"index":"index","follow":"follow","max-snippet":"max-snippet:-1","max-image-preview":"max-image-preview:large","max-video-preview":"max-video-preview:-1"},"canonical":"https:\/\/creanet.sk\/en\/blog\/","og_locale":"en_US","og_type":"article","og_title":"Blog | CREANET","og_description":"[vc_section full_width=&#8221;stretch_row&#8221; css=&#8221;.vc_custom_1749651702289{padding-top: 40px !important;padding-bottom: 120px !important;background-color: #edeff7 !important;}&#8221;][vc_row css=&#8221;.vc_custom_1741341411785{padding-top: 0px !important;padding-bottom: 30px !important;}&#8221;][vc_column][vc_row_inner css=&#8221;.vc_custom_1741341456254{padding-bottom: 40px !important;}&#8221;][vc_column_inner][\/vc_column_inner][\/vc_row_inner][vc_column_text][\/vc_column_text][vc_column_text][\/vc_column_text][\/vc_column][\/vc_row][\/vc_section]","og_url":"https:\/\/creanet.sk\/en\/blog\/","og_site_name":"CREANET","article_publisher":"https:\/\/www.facebook.com\/creanetsk\/","article_modified_time":"2025-06-11T14:21:44+00:00","og_image":[{"width":1200,"height":630,"url":"https:\/\/creanet.sk\/wp-content\/uploads\/2020\/01\/creanet-internet-applications-online-campaigns-mobile-applications.png","type":"image\/png"}],"twitter_card":"summary_large_image","twitter_site":"@creanetsk","twitter_misc":{"Est. reading time":"1 minute"},"schema":{"@context":"https:\/\/schema.org","@graph":[{"@type":"WebPage","@id":"https:\/\/creanet.sk\/en\/blog\/","url":"https:\/\/creanet.sk\/en\/blog\/","name":"Blog | CREANET","isPartOf":{"@id":"https:\/\/creanet.sk\/en\/#website"},"datePublished":"2025-03-07T08:40:17+00:00","dateModified":"2025-06-11T14:21:44+00:00","breadcrumb":{"@id":"https:\/\/creanet.sk\/en\/blog\/#breadcrumb"},"inLanguage":"en-US","potentialAction":[{"@type":"ReadAction","target":["https:\/\/creanet.sk\/en\/blog\/"]}]},{"@type":"BreadcrumbList","@id":"https:\/\/creanet.sk\/en\/blog\/#breadcrumb","itemListElement":[{"@type":"ListItem","position":1,"name":"Home","item":"https:\/\/creanet.sk\/en\/"},{"@type":"ListItem","position":2,"name":"Blog"}]},{"@type":"WebSite","@id":"https:\/\/creanet.sk\/en\/#website","url":"https:\/\/creanet.sk\/en\/","name":"CREANET","description":"Creative digital agency Poprad","publisher":{"@id":"https:\/\/creanet.sk\/en\/#organization"},"potentialAction":[{"@type":"SearchAction","target":{"@type":"EntryPoint","urlTemplate":"https:\/\/creanet.sk\/en\/?s={search_term_string}"},"query-input":{"@type":"PropertyValueSpecification","valueRequired":true,"valueName":"search_term_string"}}],"inLanguage":"en-US"},{"@type":"Organization","@id":"https:\/\/creanet.sk\/en\/#organization","name":"CREANET, a. s.","url":"https:\/\/creanet.sk\/en\/","logo":{"@type":"ImageObject","inLanguage":"en-US","@id":"https:\/\/creanet.sk\/en\/#\/schema\/logo\/image\/","url":"https:\/\/creanet.creanet.sk\/wp-content\/uploads\/2019\/11\/creanet-color-dark.png","contentUrl":"https:\/\/creanet.creanet.sk\/wp-content\/uploads\/2019\/11\/creanet-color-dark.png","width":487,"height":95,"caption":"CREANET, a. s."},"image":{"@id":"https:\/\/creanet.sk\/en\/#\/schema\/logo\/image\/"},"sameAs":["https:\/\/www.facebook.com\/creanetsk\/","https:\/\/x.com\/creanetsk"]}]}},"_links":{"self":[{"href":"https:\/\/creanet.sk\/en\/wp-json\/wp\/v2\/pages\/6678","targetHints":{"allow":["GET"]}}],"collection":[{"href":"https:\/\/creanet.sk\/en\/wp-json\/wp\/v2\/pages"}],"about":[{"href":"https:\/\/creanet.sk\/en\/wp-json\/wp\/v2\/types\/page"}],"author":[{"embeddable":true,"href":"https:\/\/creanet.sk\/en\/wp-json\/wp\/v2\/users\/9"}],"replies":[{"embeddable":true,"href":"https:\/\/creanet.sk\/en\/wp-json\/wp\/v2\/comments?post=6678"}],"version-history":[{"count":3,"href":"https:\/\/creanet.sk\/en\/wp-json\/wp\/v2\/pages\/6678\/revisions"}],"predecessor-version":[{"id":6815,"href":"https:\/\/creanet.sk\/en\/wp-json\/wp\/v2\/pages\/6678\/revisions\/6815"}],"wp:attachment":[{"href":"https:\/\/creanet.sk\/en\/wp-json\/wp\/v2\/media?parent=6678"}],"curies":[{"name":"wp","href":"https:\/\/api.w.org\/{rel}","templated":true}]}}